{"id":16895,"date":"2021-05-12T15:16:16","date_gmt":"2021-05-12T13:16:16","guid":{"rendered":"https:\/\/buelling-euro-deckel.com\/impressum\/"},"modified":"2022-10-29T21:21:42","modified_gmt":"2022-10-29T19:21:42","slug":"site-notice","status":"publish","type":"page","link":"https:\/\/buelling-euro-deckel.com\/en\/site-notice\/","title":{"rendered":"Site notice"},"content":{"rendered":"\t\t<div data-elementor-type=\"wp-page\" data-elementor-id=\"16895\" class=\"elementor elementor-16895 elementor-4339\">\n\t\t\t\t\t\t<section class=\"elementor-section elementor-top-section elementor-element elementor-element-c11f9ca elementor-section-boxed elementor-section-height-default elementor-section-height-default\" data-id=\"c11f9ca\" data-element_type=\"section\" data-e-type=\"section\" data-settings=\"{&quot;background_background&quot;:&quot;classic&quot;}\">\n\t\t\t\t\t\t<div class=\"elementor-container elementor-column-gap-default\">\n\t\t\t\t\t<div class=\"elementor-column elementor-col-100 elementor-top-column elementor-element elementor-element-9edc728\" data-id=\"9edc728\" data-element_type=\"column\" data-e-type=\"column\">\n\t\t\t<div class=\"elementor-widget-wrap elementor-element-populated\">\n\t\t\t\t\t\t<section class=\"elementor-section elementor-inner-section elementor-element elementor-element-6d0e01b elementor-section-boxed elementor-section-height-default elementor-section-height-default\" data-id=\"6d0e01b\" data-element_type=\"section\" data-e-type=\"section\">\n\t\t\t\t\t\t<div class=\"elementor-container elementor-column-gap-default\">\n\t\t\t\t\t<div class=\"elementor-column elementor-col-100 elementor-inner-column elementor-element elementor-element-9618bc4\" data-id=\"9618bc4\" data-element_type=\"column\" data-e-type=\"column\">\n\t\t\t<div class=\"elementor-widget-wrap elementor-element-populated\">\n\t\t\t\t\t\t<div class=\"elementor-element elementor-element-0a32e3e elementor-widget elementor-widget-heading\" data-id=\"0a32e3e\" data-element_type=\"widget\" data-e-type=\"widget\" data-widget_type=\"heading.default\">\n\t\t\t\t<div class=\"elementor-widget-container\">\n\t\t\t\t\t<h1 class=\"elementor-heading-title elementor-size-default\">Site Notice<\/h1>\t\t\t\t<\/div>\n\t\t\t\t<\/div>\n\t\t\t\t\t<\/div>\n\t\t<\/div>\n\t\t\t\t\t<\/div>\n\t\t<\/section>\n\t\t\t\t<section class=\"elementor-section elementor-inner-section elementor-element elementor-element-975417f elementor-section-boxed elementor-section-height-default elementor-section-height-default\" data-id=\"975417f\" data-element_type=\"section\" data-e-type=\"section\">\n\t\t\t\t\t\t<div class=\"elementor-container elementor-column-gap-default\">\n\t\t\t\t\t<div class=\"elementor-column elementor-col-100 elementor-inner-column elementor-element elementor-element-6502fc5\" data-id=\"6502fc5\" data-element_type=\"column\" data-e-type=\"column\">\n\t\t\t<div class=\"elementor-widget-wrap elementor-element-populated\">\n\t\t\t\t\t\t<div class=\"elementor-element elementor-element-f3827dc elementor-widget elementor-widget-text-editor\" data-id=\"f3827dc\" data-element_type=\"widget\" data-e-type=\"widget\" data-widget_type=\"text-editor.default\">\n\t\t\t\t<div class=\"elementor-widget-container\">\n\t\t\t\t\t\t\t\t\t<p>Hubert B\u00fclling GmbH &amp; Co. KG<br \/>Schulstra\u00dfe 8<br \/>33014 Bad Driburg<br \/>Germany<\/p><p>Commercial Register: HRA 2727<br \/>Registration court: Paderborn<\/p><h5>Represented by:<\/h5><p>G\u00f6ke Verwaltungs GmbH<br \/>Schulstra\u00dfe 8<br \/>33014 Bad Driburg<br \/>Germany<\/p><h5>That one represented by:<\/h5><p>Dipl.-Ing. (FH) Friederike G\u00f6ke<\/p><p>Commercial Register: HRB 12665<br \/>Registering court: Paderborn<\/p><h5>Contact:<\/h5><p>Phone: +49 5253 2359<br \/>Telefax: +49 5253 4526<br \/>Internet: www.buelling-euro-deckel.com<br \/>E-mail: info@buelling-euro-deckel.com<\/p><p>VAT ID: DE 125441858<br \/>Tax no.: 326\/5730\/2506<br \/>GLN: 42 6063911 000 6<\/p><h5>Dispute resolution proceedings in front of a consumer arbitration board<\/h5><p>We are not willing or obliged to participate in dispute resolution proceedings in front of a consumer<br \/>arbitration board.<\/p><h5>Design and technical realisation<\/h5><p>Benedicta Th\u00f6lke &#8211; BT Webdesign, Paderborn<\/p><h5>Disclaimer<\/h5><p>Hubert B\u00fclling GmbH &amp; Co. KG endeavours at all times to provide correct and complete information on this website. Nevertheless, Hubert B\u00fclling GmbH &amp; Co. KG does not assume any liability or guarantee for the topicality, correctness and completeness of the information provided on this website. This also applies to all links to other websites to which this website refers directly or indirectly.<br \/>Liability claims against Hubert B\u00fclling GmbH &amp; Co. KG, which refer to direct or indirect damages, including loss of profit, which arise due to or in any other way in connection with information provided on this website, are fundamentally excluded, insofar as there is no demonstrable intentional or grossly negligent fault on the part of BHS tabletop AG.<\/p><h5>Copyright Information<\/h5><p>The content and structure of this website are protected by copyright. The reproduction, distribution, publication, modification, provision to third parties or processing of all content and structural elements, in particular texts, parts of texts, images, graphics, programs and design elements, requires the express prior written consent of Hubert B\u00fclling GmbH &amp; Co. KG, if and to the extent that the contents and structural elements are protectable under German law. In particular, the transfer to other websites requires the aforementioned consent. Only editorial use is permissible without this consent, provided that a corresponding copyright reference is made in each case.<\/p><p>Any infringements may be prosecuted under civil and criminal law.<\/p>\t\t\t\t\t\t\t\t<\/div>\n\t\t\t\t<\/div>\n\t\t\t\t\t<\/div>\n\t\t<\/div>\n\t\t\t\t\t<\/div>\n\t\t<\/section>\n\t\t\t\t\t<\/div>\n\t\t<\/div>\n\t\t\t\t\t<\/div>\n\t\t<\/section>\n\t\t\t\t<\/div>\n\t\t","protected":false},"excerpt":{"rendered":"<p>Site Notice Hubert B\u00fclling GmbH &amp; Co. KGSchulstra\u00dfe 833014 Bad DriburgGermany Commercial Register: HRA 2727Registration court: Paderborn Represented by: G\u00f6ke Verwaltungs GmbHSchulstra\u00dfe 833014 Bad DriburgGermany That one represented by: Dipl.-Ing. (FH) Friederike G\u00f6ke Commercial Register: HRB 12665Registering court: Paderborn Contact: Phone: +49 5253 2359Telefax: +49 5253 4526Internet: www.buelling-euro-deckel.comE-mail: info@buelling-euro-deckel.com VAT ID: DE 125441858Tax no.: 326\/5730\/2506GLN: [&hellip;]<\/p>\n","protected":false},"author":1,"featured_media":0,"parent":0,"menu_order":0,"comment_status":"closed","ping_status":"closed","template":"","meta":{"site-sidebar-layout":"no-sidebar","site-content-layout":"page-builder","ast-site-content-layout":"default","site-content-style":"default","site-sidebar-style":"default","ast-global-header-display":"","ast-banner-title-visibility":"","ast-main-header-display":"","ast-hfb-above-header-display":"","ast-hfb-below-header-display":"","ast-hfb-mobile-header-display":"","site-post-title":"disabled","ast-breadcrumbs-content":"","ast-featured-img":"disabled","footer-sml-layout":"","ast-disable-related-posts":"","theme-transparent-header-meta":"default","adv-header-id-meta":"","stick-header-meta":"default","header-above-stick-meta":"","header-main-stick-meta":"","header-below-stick-meta":"","astra-migrate-meta-layouts":"default","ast-page-background-enabled":"default","ast-page-background-meta":{"desktop":{"background-color":"","background-image":"","background-repeat":"repeat","background-position":"center center","background-size":"auto","background-attachment":"scroll","background-type":"","background-media":"","overlay-type":"","overlay-color":"","overlay-opacity":"","overlay-gradient":""},"tablet":{"background-color":"","background-image":"","background-repeat":"repeat","background-position":"center center","background-size":"auto","background-attachment":"scroll","background-type":"","background-media":"","overlay-type":"","overlay-color":"","overlay-opacity":"","overlay-gradient":""},"mobile":{"background-color":"","background-image":"","background-repeat":"repeat","background-position":"center center","background-size":"auto","background-attachment":"scroll","background-type":"","background-media":"","overlay-type":"","overlay-color":"","overlay-opacity":"","overlay-gradient":""}},"ast-content-background-meta":{"desktop":{"background-color":"var(--ast-global-color-5)","background-image":"","background-repeat":"repeat","background-position":"center center","background-size":"auto","background-attachment":"scroll","background-type":"","background-media":"","overlay-type":"","overlay-color":"","overlay-opacity":"","overlay-gradient":""},"tablet":{"background-color":"var(--ast-global-color-5)","background-image":"","background-repeat":"repeat","background-position":"center center","background-size":"auto","background-attachment":"scroll","background-type":"","background-media":"","overlay-type":"","overlay-color":"","overlay-opacity":"","overlay-gradient":""},"mobile":{"background-color":"var(--ast-global-color-5)","background-image":"","background-repeat":"repeat","background-position":"center center","background-size":"auto","background-attachment":"scroll","background-type":"","background-media":"","overlay-type":"","overlay-color":"","overlay-opacity":"","overlay-gradient":""}},"footnotes":""},"class_list":["post-16895","page","type-page","status-publish","hentry"],"_links":{"self":[{"href":"https:\/\/buelling-euro-deckel.com\/en\/wp-json\/wp\/v2\/pages\/16895","targetHints":{"allow":["GET"]}}],"collection":[{"href":"https:\/\/buelling-euro-deckel.com\/en\/wp-json\/wp\/v2\/pages"}],"about":[{"href":"https:\/\/buelling-euro-deckel.com\/en\/wp-json\/wp\/v2\/types\/page"}],"author":[{"embeddable":true,"href":"https:\/\/buelling-euro-deckel.com\/en\/wp-json\/wp\/v2\/users\/1"}],"replies":[{"embeddable":true,"href":"https:\/\/buelling-euro-deckel.com\/en\/wp-json\/wp\/v2\/comments?post=16895"}],"version-history":[{"count":10,"href":"https:\/\/buelling-euro-deckel.com\/en\/wp-json\/wp\/v2\/pages\/16895\/revisions"}],"predecessor-version":[{"id":16910,"href":"https:\/\/buelling-euro-deckel.com\/en\/wp-json\/wp\/v2\/pages\/16895\/revisions\/16910"}],"wp:attachment":[{"href":"https:\/\/buelling-euro-deckel.com\/en\/wp-json\/wp\/v2\/media?parent=16895"}],"curies":[{"name":"wp","href":"https:\/\/api.w.org\/{rel}","templated":true}]}}